 {"id":4249,"date":"2020-08-11T12:42:08","date_gmt":"2020-08-11T10:42:08","guid":{"rendered":"https:\/\/llcu.nuacampus.org\/?page_id=4249"},"modified":"2024-03-01T23:46:09","modified_gmt":"2024-03-01T22:46:09","slug":"dtee-city-questionnaire","status":"publish","type":"page","link":"https:\/\/nuacampus.org\/llcu\/dtee-city-questionnaire\/","title":{"rendered":"Decarbonising Transport in Emerging Economies City Questionnaire"},"content":{"rendered":"\t\t<div data-elementor-type=\"wp-page\" data-elementor-id=\"4249\" class=\"elementor elementor-4249\">\n\t\t\t\t\t\t<section class=\"elementor-section elementor-top-section elementor-element elementor-element-c002a72 elementor-section-boxed elementor-section-height-default elementor-section-height-default\" data-id=\"c002a72\" data-element_type=\"section\">\n\t\t\t\t\t\t<div class=\"elementor-container elementor-column-gap-default\">\n\t\t\t\t\t<div class=\"elementor-column elementor-col-100 elementor-top-column elementor-element elementor-element-37b1f54\" data-id=\"37b1f54\" data-element_type=\"column\">\n\t\t\t<div class=\"elementor-widget-wrap elementor-element-populated\">\n\t\t\t\t\t\t<div class=\"elementor-element elementor-element-b0b0829 elementor-widget elementor-widget-text-editor\" data-id=\"b0b0829\" data-element_type=\"widget\" data-widget_type=\"text-editor.default\">\n\t\t\t\t<div class=\"elementor-widget-container\">\n\t\t\t\t\t\t\t\t\t<p>This questionnaire is available in the multiple languages. Please choose your language and the form will open in a new window. <\/p>\n<p>Ce questionnaire est disponible dans les diff\u00e9rentes langues. Veuillez choisir votre langue et le formulaire s&#8217;ouvrira dans une nouvelle fen\u00eatre.<\/p>\n<p>Este cuestionario est\u00e1 disponible en los m\u00faltiples idiomas. Por favor, elija su idioma y el formulario se abrir\u00e1 en una nueva ventana.<\/p>\n<p style=\"text-align: right;\">\u0647\u0630\u0627 \u0627\u0644\u0627\u0633\u062a\u0628\u064a\u0627\u0646 \u0645\u062a\u0648\u0641\u0631 \u0628\u0644\u063a\u0627\u062a \u0645\u062a\u0639\u062f\u062f\u0629. \u0627\u0644\u0631\u062c\u0627\u0621 \u0627\u062e\u062a\u064a\u0627\u0631 \u0644\u063a\u062a\u0643 \u0648\u0633\u064a\u0641\u062a\u062d \u0627\u0644\u0646\u0645\u0648\u0630\u062c \u0641\u064a \u0646\u0627\u0641\u0630\u0629 \u062c\u062f\u064a\u062f\u0629.<\/p>\n<p><span class=\"tlid-translation translation\" lang=\"az\"><span title=\"\">Bu anket bir \u00e7ox dild\u0259 m\u00f6vcuddur.<\/span> <span class=\"\" title=\"\">Z\u0259hm\u0259t olmasa dilinizi se\u00e7in v\u0259 forma yeni p\u0259nc\u0259r\u0259d\u0259 a\u00e7\u0131lacaqd\u0131r.<\/span><\/span><\/p>\n\t\t\t\t\t\t\t\t<\/div>\n\t\t\t\t<\/div>\n\t\t\t\t\t<\/div>\n\t\t<\/div>\n\t\t\t\t\t<\/div>\n\t\t<\/section>\n\t\t\t\t<section class=\"elementor-section elementor-top-section elementor-element elementor-element-92f400a elementor-section-boxed elementor-section-height-default elementor-section-height-default\" data-id=\"92f400a\" data-element_type=\"section\">\n\t\t\t\t\t\t<div class=\"elementor-container elementor-column-gap-default\">\n\t\t\t\t\t<div class=\"elementor-column elementor-col-100 elementor-top-column elementor-element elementor-element-396a6f4\" data-id=\"396a6f4\" data-element_type=\"column\">\n\t\t\t<div class=\"elementor-widget-wrap elementor-element-populated\">\n\t\t\t\t\t\t<div class=\"elementor-element elementor-element-439a3e2 elementor-widget-divider--view-line elementor-widget elementor-widget-divider\" data-id=\"439a3e2\" data-element_type=\"widget\" data-widget_type=\"divider.default\">\n\t\t\t\t<div class=\"elementor-widget-container\">\n\t\t\t\t\t\t\t<div class=\"elementor-divider\">\n\t\t\t<span class=\"elementor-divider-separator\">\n\t\t\t\t\t\t<\/span>\n\t\t<\/div>\n\t\t\t\t\t\t<\/div>\n\t\t\t\t<\/div>\n\t\t\t\t\t<\/div>\n\t\t<\/div>\n\t\t\t\t\t<\/div>\n\t\t<\/section>\n\t\t\t\t<section class=\"elementor-section elementor-top-section elementor-element elementor-element-2aebdf5 elementor-section-boxed elementor-section-height-default elementor-section-height-default\" data-id=\"2aebdf5\" data-element_type=\"section\">\n\t\t\t\t\t\t<div class=\"elementor-container elementor-column-gap-default\">\n\t\t\t\t\t<div class=\"elementor-column elementor-col-20 elementor-top-column elementor-element elementor-element-dea0bf0\" data-id=\"dea0bf0\" data-element_type=\"column\">\n\t\t\t<div class=\"elementor-widget-wrap\">\n\t\t\t\t\t\t\t<\/div>\n\t\t<\/div>\n\t\t\t\t<div class=\"elementor-column elementor-col-20 elementor-top-column elementor-element elementor-element-4954f9b\" data-id=\"4954f9b\" data-element_type=\"column\">\n\t\t\t<div class=\"elementor-widget-wrap\">\n\t\t\t\t\t\t\t<\/div>\n\t\t<\/div>\n\t\t\t\t<div class=\"elementor-column elementor-col-20 elementor-top-column elementor-element elementor-element-f024fe7\" data-id=\"f024fe7\" data-element_type=\"column\">\n\t\t\t<div class=\"elementor-widget-wrap\">\n\t\t\t\t\t\t\t<\/div>\n\t\t<\/div>\n\t\t\t\t<div class=\"elementor-column elementor-col-20 elementor-top-column elementor-element elementor-element-ab4710f\" data-id=\"ab4710f\" data-element_type=\"column\">\n\t\t\t<div class=\"elementor-widget-wrap\">\n\t\t\t\t\t\t\t<\/div>\n\t\t<\/div>\n\t\t\t\t<div class=\"elementor-column elementor-col-20 elementor-top-column elementor-element elementor-element-e312218\" data-id=\"e312218\" data-element_type=\"column\">\n\t\t\t<div class=\"elementor-widget-wrap\">\n\t\t\t\t\t\t\t<\/div>\n\t\t<\/div>\n\t\t\t\t\t<\/div>\n\t\t<\/section>\n\t\t\t\t<\/div>\n\t\t","protected":false},"excerpt":{"rendered":"<p>This questionnaire is available in the multiple languages. Please choose your language and the form will open in a new window. Ce questionnaire est disponible dans les diff\u00e9rentes langues. Veuillez choisir votre langue et le formulaire s&#8217;ouvrira dans une nouvelle fen\u00eatre. Este cuestionario est\u00e1 disponible en los m\u00faltiples idiomas. Por favor, elija su idioma y [&hellip;]<\/p>\n","protected":false},"author":1,"featured_media":0,"parent":0,"menu_order":0,"comment_status":"closed","ping_status":"closed","template":"","meta":{"_acf_changed":false,"pmpro_default_level":"","footnotes":""},"class_list":["post-4249","page","type-page","status-publish","hentry","pmpro-has-access"],"acf":[],"_links":{"self":[{"href":"https:\/\/nuacampus.org\/llcu\/wp-json\/wp\/v2\/pages\/4249","targetHints":{"allow":["GET"]}}],"collection":[{"href":"https:\/\/nuacampus.org\/llcu\/wp-json\/wp\/v2\/pages"}],"about":[{"href":"https:\/\/nuacampus.org\/llcu\/wp-json\/wp\/v2\/types\/page"}],"author":[{"embeddable":true,"href":"https:\/\/nuacampus.org\/llcu\/wp-json\/wp\/v2\/users\/1"}],"replies":[{"embeddable":true,"href":"https:\/\/nuacampus.org\/llcu\/wp-json\/wp\/v2\/comments?post=4249"}],"version-history":[{"count":0,"href":"https:\/\/nuacampus.org\/llcu\/wp-json\/wp\/v2\/pages\/4249\/revisions"}],"wp:attachment":[{"href":"https:\/\/nuacampus.org\/llcu\/wp-json\/wp\/v2\/media?parent=4249"}],"curies":[{"name":"wp","href":"https:\/\/api.w.org\/{rel}","templated":true}]}}